
{"id":1846,"date":"2022-08-14T06:56:42","date_gmt":"2022-08-14T11:56:42","guid":{"rendered":"https:\/\/portal.sanaciondefamilias.com\/?page_id=1846"},"modified":"2025-10-29T21:25:42","modified_gmt":"2025-10-30T03:25:42","slug":"videos-miembros","status":"publish","type":"page","link":"https:\/\/portal.sanaciondefamilias.com\/?page_id=1846","title":{"rendered":"Videos Miembros"},"content":{"rendered":"<p>Estimado usuario, este contenido es exclusivo para los miembros que ya tomaron el taller seminario de Sanaci\u00f3n de Familias Guadalajara a trav\u00e9s de este sitio web. Una vez terminado tu taller podr\u00e1s ingresar a esta p\u00e1gina autom\u00e1ticamente. Si ya tomaste el taller y no puedes ver est\u00e1 p\u00e1gina, por favor ingresa a: <a href=\"https:\/\/portal.sanaciondefamilias.com\/?page_id=11\">Mi cuenta \u2013 Sanaci\u00f3n de Familias Guadalajara (sanaciondefamilias.com) <\/a><\/p>\n","protected":false},"excerpt":{"rendered":"<p>Estimado usuario, este contenido es exclusivo para los miembros que ya tomaron el taller seminario de Sanaci\u00f3n de Familias Guadalajara a trav\u00e9s de este sitio web. Una vez terminado tu taller podr\u00e1s ingresar a esta p\u00e1gina autom\u00e1ticamente. Si ya tomaste el taller y no puedes ver est\u00e1 p\u00e1gina, por favor ingresa a: <a href=\"https:\/\/portal.sanaciondefamilias.com\/?page_id=11\">Mi cuenta \u2013 Sanaci\u00f3n de Familias Guadalajara (sanaciondefamilias.com) <\/a><\/p>\n","protected":false},"author":2,"featured_media":0,"parent":0,"menu_order":0,"comment_status":"closed","ping_status":"closed","template":"","meta":{"footnotes":""},"class_list":["post-1846","page","type-page","status-publish","hentry"],"acf":[],"jetpack_sharing_enabled":true,"_links":{"self":[{"href":"https:\/\/portal.sanaciondefamilias.com\/index.php?rest_route=\/wp\/v2\/pages\/1846","targetHints":{"allow":["GET"]}}],"collection":[{"href":"https:\/\/portal.sanaciondefamilias.com\/index.php?rest_route=\/wp\/v2\/pages"}],"about":[{"href":"https:\/\/portal.sanaciondefamilias.com\/index.php?rest_route=\/wp\/v2\/types\/page"}],"author":[{"embeddable":true,"href":"https:\/\/portal.sanaciondefamilias.com\/index.php?rest_route=\/wp\/v2\/users\/2"}],"replies":[{"embeddable":true,"href":"https:\/\/portal.sanaciondefamilias.com\/index.php?rest_route=%2Fwp%2Fv2%2Fcomments&post=1846"}],"version-history":[{"count":19,"href":"https:\/\/portal.sanaciondefamilias.com\/index.php?rest_route=\/wp\/v2\/pages\/1846\/revisions"}],"predecessor-version":[{"id":16311,"href":"https:\/\/portal.sanaciondefamilias.com\/index.php?rest_route=\/wp\/v2\/pages\/1846\/revisions\/16311"}],"wp:attachment":[{"href":"https:\/\/portal.sanaciondefamilias.com\/index.php?rest_route=%2Fwp%2Fv2%2Fmedia&parent=1846"}],"curies":[{"name":"wp","href":"https:\/\/api.w.org\/{rel}","templated":true}]}}