
{"id":3439,"date":"2022-10-30T08:43:27","date_gmt":"2022-10-30T14:43:27","guid":{"rendered":"https:\/\/portal.sanaciondefamilias.com\/?page_id=3439"},"modified":"2025-08-02T12:44:26","modified_gmt":"2025-08-02T18:44:26","slug":"magisterio-de-la-iglesia-documentos-eclesiales","status":"publish","type":"page","link":"https:\/\/portal.sanaciondefamilias.com\/?page_id=3439","title":{"rendered":"Magisterio de La Iglesia, Documentos Eclesiales"},"content":{"rendered":"<p>Estimado usuario, este contenido es exclusivo para los miembros registrados de Sanaci\u00f3n de Familias Guadalajara. Para poder accesar es necesario haber tomado el taller seminario de Sanaci\u00f3n de Familias a trav\u00e9s de este sitio web. Si ya eres miembro por favor ve a: <a href=\"https:\/\/portal.sanaciondefamilias.com\/?page_id=11\">Mi cuenta \u2013 Sanaci\u00f3n de Familias Guadalajara (sanaciondefamilias.com)<\/a><\/p>\n","protected":false},"excerpt":{"rendered":"<p>Estimado usuario, este contenido es exclusivo para los miembros registrados de Sanaci\u00f3n de Familias Guadalajara. Para poder accesar es necesario haber tomado el taller seminario de Sanaci\u00f3n de Familias a trav\u00e9s de este sitio web. Si ya eres miembro por favor ve a: <a href=\"https:\/\/portal.sanaciondefamilias.com\/?page_id=11\">Mi cuenta \u2013 Sanaci\u00f3n de Familias Guadalajara (sanaciondefamilias.com)<\/a><\/p>\n","protected":false},"author":2,"featured_media":0,"parent":0,"menu_order":0,"comment_status":"closed","ping_status":"closed","template":"","meta":{"footnotes":""},"class_list":["post-3439","page","type-page","status-publish","hentry"],"acf":[],"jetpack_sharing_enabled":true,"_links":{"self":[{"href":"https:\/\/portal.sanaciondefamilias.com\/index.php?rest_route=\/wp\/v2\/pages\/3439","targetHints":{"allow":["GET"]}}],"collection":[{"href":"https:\/\/portal.sanaciondefamilias.com\/index.php?rest_route=\/wp\/v2\/pages"}],"about":[{"href":"https:\/\/portal.sanaciondefamilias.com\/index.php?rest_route=\/wp\/v2\/types\/page"}],"author":[{"embeddable":true,"href":"https:\/\/portal.sanaciondefamilias.com\/index.php?rest_route=\/wp\/v2\/users\/2"}],"replies":[{"embeddable":true,"href":"https:\/\/portal.sanaciondefamilias.com\/index.php?rest_route=%2Fwp%2Fv2%2Fcomments&post=3439"}],"version-history":[{"count":7,"href":"https:\/\/portal.sanaciondefamilias.com\/index.php?rest_route=\/wp\/v2\/pages\/3439\/revisions"}],"predecessor-version":[{"id":15558,"href":"https:\/\/portal.sanaciondefamilias.com\/index.php?rest_route=\/wp\/v2\/pages\/3439\/revisions\/15558"}],"wp:attachment":[{"href":"https:\/\/portal.sanaciondefamilias.com\/index.php?rest_route=%2Fwp%2Fv2%2Fmedia&parent=3439"}],"curies":[{"name":"wp","href":"https:\/\/api.w.org\/{rel}","templated":true}]}}