
{"id":95,"date":"2022-03-23T22:38:54","date_gmt":"2022-03-23T22:38:54","guid":{"rendered":"https:\/\/portal.sanaciondefamilias.com\/front_page\/"},"modified":"2026-04-16T19:53:22","modified_gmt":"2026-04-17T01:53:22","slug":"front_page","status":"publish","type":"page","link":"https:\/\/portal.sanaciondefamilias.com\/","title":{"rendered":"Bienvenidos"},"content":{"rendered":"<div class=\"wpb-content-wrapper\"><p>[vc_row content_placement=\u00bbmiddle\u00bb][vc_column parallax=\u00bbcontent-moving-fade\u00bb css_animation=\u00bbbounceInDown\u00bb width=\u00bb1\/3&#8243;][vc_empty_space height=\u00bb25px\u00bb][\/vc_column][vc_column width=\u00bb1\/3&#8243;][vc_empty_space height=\u00bb16px\u00bb][vc_custom_heading text=\u00bbNuevo Taller de Sanaci\u00f3n de Familias en Cristo.\u00bb font_container=\u00bbtag:h1|text_align:center\u00bb google_fonts=\u00bbfont_family:Alegreya%20Sans%3A100%2C100italic%2C300%2C300italic%2Cregular%2Citalic%2C500%2C500italic%2C700%2C700italic%2C800%2C800italic%2C900%2C900italic|font_style:500%20bold%20regular%3A500%3Anormal\u00bb css=\u00bb\u00bb][vc_empty_space][vc_empty_space][\/vc_column][vc_column width=\u00bb1\/3&#8243;][vc_empty_space height=\u00bb25px\u00bb][\/vc_column][\/vc_row][vc_row][vc_column width=\u00bb1\/2&#8243;][vc_custom_heading text=\u00bbTaller de Sanaci\u00f3n de Familias en Cristo<br \/>\ndel 11 al 23 de Mayo de 2026.\u00bb font_container=\u00bbtag:h4|text_align:center|color:%23dd8500&#8243; css=\u00bb\u00bb][vc_btn title=\u00bbReg\u00edstrate\u00bb style=\u00bb3d\u00bb color=\u00bbsuccess\u00bb align=\u00bbcenter\u00bb css_animation=\u00bbfadeInLeftBig\u00bb css=\u00bb\u00bb link=\u00bburl:https%3A%2F%2Fportal.sanaciondefamilias.com%2F%3Fpost_type%3Dproduct%26add-to-cart%3D16791&#8243;][vc_column_text css=\u00bb\u00bb]<\/p>\n<div id=\"comp-kit6bgc3\" class=\"_2Hij5\" data-testid=\"richTextElement\">\n<p style=\"text-align: center;\"><strong><span style=\"font-size: 24pt;\">11 Sesiones de Ense\u00f1anza<\/span><\/strong><\/p>\n<p>&nbsp;<\/p>\n<p style=\"text-align: center;\"><span style=\"font-size: 18pt;\"><strong>Del 11 a<\/strong><strong>l 15 y del 18 al 22 de Mayo de 2026<\/strong><\/span><\/p>\n<p style=\"text-align: center;\"><span style=\"font-size: 18pt;\"><strong>Sesi\u00f3n en Vivo <\/strong><\/span><\/p>\n<p style=\"text-align: center;\"><span style=\"font-size: 18pt;\"><strong>de las\u00a0 9:00 A.M. a las 11:30 A.M.<\/strong><\/span><\/p>\n<p>&nbsp;<\/p>\n<div style=\"text-align: center;\">\n<p><span style=\"font-size: 18pt;\"><strong>Acceso a las Grabaci\u00f3n de cada Sesi\u00f3n\u00a0<\/strong><\/span><\/p>\n<p><span style=\"font-size: 18pt;\"><strong>A partir de las 2:00 P.M. por 72 HRS<\/strong>.<\/span><\/p>\n<p>&nbsp;<\/p>\n<p><span style=\"font-size: 18pt;\"><strong>Y<\/strong><\/span><\/p>\n<p>&nbsp;<\/p>\n<p><span style=\"font-size: 24pt;\"><strong>Sesi\u00f3n Final<\/strong><\/span><\/p>\n<p><span style=\"font-size: 18pt;\"><strong>S\u00e1bado 23 de Mayo de 2026<\/strong><\/span><\/p>\n<p><span style=\"font-size: 18pt;\"><strong>De las 2:30 p.m. a las 5:30 p.m.<\/strong><\/span><\/p>\n<\/div>\n<\/div>\n<p>&nbsp;<\/p>\n<p>&nbsp;<\/p>\n<div id=\"comp-kit6bgc3\" class=\"_2Hij5\" data-testid=\"richTextElement\">\n<p style=\"text-align: center;\"><span style=\"font-size: 18pt;\"><strong>(HORARIOS DEL CENTRO DE M\u00c9XICO)<\/strong><\/span><\/p>\n<p class=\"font_8\" style=\"text-align: center;\"><span style=\"font-size: 14pt;\"><strong>Informes por WhatsApp al +52 3317990503 <\/strong><\/span><\/p>\n<p class=\"font_8\" style=\"text-align: center;\"><span style=\"font-size: 14pt;\"><strong>(NO LLAMADAS)<\/strong><\/span><\/p>\n<p>&nbsp;<\/p>\n<p style=\"text-align: center;\"><em><strong>FECHA L\u00cdMITE DE INSCRIPCI\u00d3N: 10 DE MAYO DE 2026.<\/strong><\/em><\/p>\n<\/div>\n<p>[\/vc_column_text][vc_btn title=\u00bbReg\u00edstrate\u00bb style=\u00bb3d\u00bb color=\u00bbsuccess\u00bb align=\u00bbcenter\u00bb css_animation=\u00bbfadeInLeftBig\u00bb css=\u00bb\u00bb link=\u00bburl:https%3A%2F%2Fportal.sanaciondefamilias.com%2F%3Fpost_type%3Dproduct%26add-to-cart%3D16791&#8243;][vc_empty_space height=\u00bb128px\u00bb][\/vc_column][vc_column width=\u00bb1\/2&#8243;][vc_single_image image=\u00bb16800&#8243; img_size=\u00bbLarge\u00bb alignment=\u00bbcenter\u00bb css=\u00bb\u00bb][vc_empty_space height=\u00bb128px\u00bb][\/vc_column][\/vc_row][vc_row][vc_column][vc_raw_js]JTNDJTIxLS0lMjBHZXRCdXR0b24uaW8lMjB3aWRnZXQlMjAtLSUzRSUzQ3NjcmlwdCUyMHR5cGUlM0QlMjJ0ZXh0JTJGamF2YXNjcmlwdCUyMiUzRSUwQSUyMCUyMCUyMCUyMCUyOGZ1bmN0aW9uJTIwJTI4JTI5JTIwJTdCJTBBJTIwJTIwJTIwJTIwJTIwJTIwJTIwJTIwdmFyJTIwb3B0aW9ucyUyMCUzRCUyMCU3QiUwQSUyMCUyMCUyMCUyMCUyMCUyMCUyMCUyMCUyMCUyMCUyMCUyMHdoYXRzYXBwJTNBJTIwJTIyJTJCNTIzMzE3OTkwNTAzJTIyJTJDJTIwJTJGJTJGJTIwV2hhdHNBcHAlMjBudW1iZXIlMEElMjAlMjAlMjAlMjAlMjAlMjAlMjAlMjAlMjAlMjAlMjAlMjBjYWxsX3RvX2FjdGlvbiUzQSUyMCUyMkVudiVDMyVBRGFub3MlMjB1biUyMG1lbnNhamUlMjIlMkMlMjAlMkYlMkYlMjBDYWxsJTIwdG8lMjBhY3Rpb24lMEElMjAlMjAlMjAlMjAlMjAlMjAlMjAlMjAlMjAlMjAlMjAlMjBwb3NpdGlvbiUzQSUyMCUyMnJpZ2h0JTIyJTJDJTIwJTJGJTJGJTIwUG9zaXRpb24lMjBtYXklMjBiZSUyMCUyN3JpZ2h0JTI3JTIwb3IlMjAlMjdsZWZ0JTI3JTBBJTIwJTIwJTIwJTIwJTIwJTIwJTIwJTIwJTdEJTNCJTBBJTIwJTIwJTIwJTIwJTIwJTIwJTIwJTIwdmFyJTIwcHJvdG8lMjAlM0QlMjBkb2N1bWVudC5sb2NhdGlvbi5wcm90b2NvbCUyQyUyMGhvc3QlMjAlM0QlMjAlMjJnZXRidXR0b24uaW8lMjIlMkMlMjB1cmwlMjAlM0QlMjBwcm90byUyMCUyQiUyMCUyMiUyRiUyRnN0YXRpYy4lMjIlMjAlMkIlMjBob3N0JTNCJTBBJTIwJTIwJTIwJTIwJTIwJTIwJTIwJTIwdmFyJTIwcyUyMCUzRCUyMGRvY3VtZW50LmNyZWF0ZUVsZW1lbnQlMjglMjdzY3JpcHQlMjclMjklM0IlMjBzLnR5cGUlMjAlM0QlMjAlMjd0ZXh0JTJGamF2YXNjcmlwdCUyNyUzQiUyMHMuYXN5bmMlMjAlM0QlMjB0cnVlJTNCJTIwcy5zcmMlMjAlM0QlMjB1cmwlMjAlMkIlMjAlMjclMkZ3aWRnZXQtc2VuZC1idXR0b24lMkZqcyUyRmluaXQuanMlMjclM0IlMEElMjAlMjAlMjAlMjAlMjAlMjAlMjAlMjBzLm9ubG9hZCUyMCUzRCUyMGZ1bmN0aW9uJTIwJTI4JTI5JTIwJTdCJTIwV2hXaWRnZXRTZW5kQnV0dG9uLmluaXQlMjhob3N0JTJDJTIwcHJvdG8lMkMlMjBvcHRpb25zJTI5JTNCJTIwJTdEJTNCJTBBJTIwJTIwJTIwJTIwJTIwJTIwJTIwJTIwdmFyJTIweCUyMCUzRCUyMGRvY3VtZW50LmdldEVsZW1lbnRzQnlUYWdOYW1lJTI4JTI3c2NyaXB0JTI3JTI5JTVCMCU1RCUzQiUyMHgucGFyZW50Tm9kZS5pbnNlcnRCZWZvcmUlMjhzJTJDJTIweCUyOSUzQiUwQSUyMCUyMCUyMCUyMCU3RCUyOSUyOCUyOSUzQiUwQSUzQyUyRnNjcmlwdCUzRSUzQyUyMS0tJTIwJTJGR2V0QnV0dG9uLmlvJTIwd2lkZ2V0JTIwLS0lM0U=[\/vc_raw_js][\/vc_column][\/vc_row]<\/p>\n<\/div>","protected":false},"excerpt":{"rendered":"<p>[vc_row content_placement=\u00bbmiddle\u00bb][vc_column parallax=\u00bbcontent-moving-fade\u00bb css_animation=\u00bbbounceInDown\u00bb width=\u00bb1\/3&#8243;][vc_empty_space height=\u00bb25px\u00bb][\/vc_column][vc_column width=\u00bb1\/3&#8243;][vc_empty_space height=\u00bb16px\u00bb][vc_custom_heading text=\u00bbNuevo Taller de Sanaci\u00f3n de Familias en Cristo.\u00bb font_container=\u00bbtag:h1|text_align:center\u00bb google_fonts=\u00bbfont_family:Alegreya%20Sans%3A100%2C100italic%2C300%2C300italic%2Cregular%2Citalic%2C500%2C500italic%2C700%2C700italic%2C800%2C800italic%2C900%2C900italic|font_style:500%20bold%20regular%3A500%3Anormal\u00bb css=\u00bb\u00bb][vc_empty_space][vc_empty_space][\/vc_column][vc_column width=\u00bb1\/3&#8243;][vc_empty_space height=\u00bb25px\u00bb][\/vc_column][\/vc_row][vc_row][vc_column width=\u00bb1\/2&#8243;][vc_custom_heading text=\u00bbTaller de Sanaci\u00f3n de Familias en Cristo del 11 al 23 de Mayo de 2026.\u00bb font_container=\u00bbtag:h4|text_align:center|color:%23dd8500&#8243; css=\u00bb\u00bb][vc_btn title=\u00bbReg\u00edstrate\u00bb style=\u00bb3d\u00bb color=\u00bbsuccess\u00bb align=\u00bbcenter\u00bb css_animation=\u00bbfadeInLeftBig\u00bb css=\u00bb\u00bb link=\u00bburl:https%3A%2F%2Fportal.sanaciondefamilias.com%2F%3Fpost_type%3Dproduct%26add-to-cart%3D16791&#8243;][vc_column_text css=\u00bb\u00bb] 11 Sesiones de Ense\u00f1anza &nbsp; Del 11 al 15 y del 18 al 22 de Mayo de 2026 Sesi\u00f3n en Vivo de las\u00a0 9:00 A.M. a las 11:30 A.M. &nbsp; Acceso a las Grabaci\u00f3n de cada Sesi\u00f3n\u00a0 A partir de las 2:00 P.M. por 72 HRS. &nbsp; Y &nbsp; Sesi\u00f3n Final S\u00e1bado 23 de Mayo de 2026 De las 2:30 p.m. a las 5:30 p.m. &nbsp; &nbsp; (HORARIOS DEL CENTRO DE M\u00c9XICO) Informes por WhatsApp al +52 3317990503 (NO LLAMADAS) &nbsp; FECHA L\u00cdMITE DE INSCRIPCI\u00d3N: 10 DE MAYO DE 2026. [\/vc_column_text][vc_btn title=\u00bbReg\u00edstrate\u00bb style=\u00bb3d\u00bb color=\u00bbsuccess\u00bb align=\u00bbcenter\u00bb css_animation=\u00bbfadeInLeftBig\u00bb css=\u00bb\u00bb link=\u00bburl:https%3A%2F%2Fportal.sanaciondefamilias.com%2F%3Fpost_type%3Dproduct%26add-to-cart%3D16791&#8243;][vc_empty_space height=\u00bb128px\u00bb][\/vc_column][vc_column width=\u00bb1\/2&#8243;][vc_single_image image=\u00bb16800&#8243; img_size=\u00bbLarge\u00bb alignment=\u00bbcenter\u00bb css=\u00bb\u00bb][vc_empty_space height=\u00bb128px\u00bb][\/vc_column][\/vc_row][vc_row][vc_column][vc_raw_js]JTNDJTIxLS0lMjBHZXRCdXR0b24uaW8lMjB3aWRnZXQlMjAtLSUzRSUzQ3NjcmlwdCUyMHR5cGUlM0QlMjJ0ZXh0JTJGamF2YXNjcmlwdCUyMiUzRSUwQSUyMCUyMCUyMCUyMCUyOGZ1bmN0aW9uJTIwJTI4JTI5JTIwJTdCJTBBJTIwJTIwJTIwJTIwJTIwJTIwJTIwJTIwdmFyJTIwb3B0aW9ucyUyMCUzRCUyMCU3QiUwQSUyMCUyMCUyMCUyMCUyMCUyMCUyMCUyMCUyMCUyMCUyMCUyMHdoYXRzYXBwJTNBJTIwJTIyJTJCNTIzMzE3OTkwNTAzJTIyJTJDJTIwJTJGJTJGJTIwV2hhdHNBcHAlMjBudW1iZXIlMEElMjAlMjAlMjAlMjAlMjAlMjAlMjAlMjAlMjAlMjAlMjAlMjBjYWxsX3RvX2FjdGlvbiUzQSUyMCUyMkVudiVDMyVBRGFub3MlMjB1biUyMG1lbnNhamUlMjIlMkMlMjAlMkYlMkYlMjBDYWxsJTIwdG8lMjBhY3Rpb24lMEElMjAlMjAlMjAlMjAlMjAlMjAlMjAlMjAlMjAlMjAlMjAlMjBwb3NpdGlvbiUzQSUyMCUyMnJpZ2h0JTIyJTJDJTIwJTJGJTJGJTIwUG9zaXRpb24lMjBtYXklMjBiZSUyMCUyN3JpZ2h0JTI3JTIwb3IlMjAlMjdsZWZ0JTI3JTBBJTIwJTIwJTIwJTIwJTIwJTIwJTIwJTIwJTdEJTNCJTBBJTIwJTIwJTIwJTIwJTIwJTIwJTIwJTIwdmFyJTIwcHJvdG8lMjAlM0QlMjBkb2N1bWVudC5sb2NhdGlvbi5wcm90b2NvbCUyQyUyMGhvc3QlMjAlM0QlMjAlMjJnZXRidXR0b24uaW8lMjIlMkMlMjB1cmwlMjAlM0QlMjBwcm90byUyMCUyQiUyMCUyMiUyRiUyRnN0YXRpYy4lMjIlMjAlMkIlMjBob3N0JTNCJTBBJTIwJTIwJTIwJTIwJTIwJTIwJTIwJTIwdmFyJTIwcyUyMCUzRCUyMGRvY3VtZW50LmNyZWF0ZUVsZW1lbnQlMjglMjdzY3JpcHQlMjclMjklM0IlMjBzLnR5cGUlMjAlM0QlMjAlMjd0ZXh0JTJGamF2YXNjcmlwdCUyNyUzQiUyMHMuYXN5bmMlMjAlM0QlMjB0cnVlJTNCJTIwcy5zcmMlMjAlM0QlMjB1cmwlMjAlMkIlMjAlMjclMkZ3aWRnZXQtc2VuZC1idXR0b24lMkZqcyUyRmluaXQuanMlMjclM0IlMEElMjAlMjAlMjAlMjAlMjAlMjAlMjAlMjBzLm9ubG9hZCUyMCUzRCUyMGZ1bmN0aW9uJTIwJTI4JTI5JTIwJTdCJTIwV2hXaWRnZXRTZW5kQnV0dG9uLmluaXQlMjhob3N0JTJDJTIwcHJvdG8lMkMlMjBvcHRpb25zJTI5JTNCJTIwJTdEJTNCJTBBJTIwJTIwJTIwJTIwJTIwJTIwJTIwJTIwdmFyJTIweCUyMCUzRCUyMGRvY3VtZW50LmdldEVsZW1lbnRzQnlUYWdOYW1lJTI4JTI3c2NyaXB0JTI3JTI5JTVCMCU1RCUzQiUyMHgucGFyZW50Tm9kZS5pbnNlcnRCZWZvcmUlMjhzJTJDJTIweCUyOSUzQiUwQSUyMCUyMCUyMCUyMCU3RCUyOSUyOCUyOSUzQiUwQSUzQyUyRnNjcmlwdCUzRSUzQyUyMS0tJTIwJTJGR2V0QnV0dG9uLmlvJTIwd2lkZ2V0JTIwLS0lM0U=[\/vc_raw_js][\/vc_column][\/vc_row]<\/p>\n","protected":false},"author":1,"featured_media":0,"parent":0,"menu_order":0,"comment_status":"closed","ping_status":"closed","template":"","meta":{"footnotes":""},"class_list":["post-95","page","type-page","status-publish","hentry"],"acf":[],"jetpack_sharing_enabled":true,"_links":{"self":[{"href":"https:\/\/portal.sanaciondefamilias.com\/index.php?rest_route=\/wp\/v2\/pages\/95","targetHints":{"allow":["GET"]}}],"collection":[{"href":"https:\/\/portal.sanaciondefamilias.com\/index.php?rest_route=\/wp\/v2\/pages"}],"about":[{"href":"https:\/\/portal.sanaciondefamilias.com\/index.php?rest_route=\/wp\/v2\/types\/page"}],"author":[{"embeddable":true,"href":"https:\/\/portal.sanaciondefamilias.com\/index.php?rest_route=\/wp\/v2\/users\/1"}],"replies":[{"embeddable":true,"href":"https:\/\/portal.sanaciondefamilias.com\/index.php?rest_route=%2Fwp%2Fv2%2Fcomments&post=95"}],"version-history":[{"count":366,"href":"https:\/\/portal.sanaciondefamilias.com\/index.php?rest_route=\/wp\/v2\/pages\/95\/revisions"}],"predecessor-version":[{"id":16802,"href":"https:\/\/portal.sanaciondefamilias.com\/index.php?rest_route=\/wp\/v2\/pages\/95\/revisions\/16802"}],"wp:attachment":[{"href":"https:\/\/portal.sanaciondefamilias.com\/index.php?rest_route=%2Fwp%2Fv2%2Fmedia&parent=95"}],"curies":[{"name":"wp","href":"https:\/\/api.w.org\/{rel}","templated":true}]}}